{"id":669,"date":"2024-03-21T22:51:31","date_gmt":"2024-03-21T19:51:31","guid":{"rendered":"http:\/\/megsanayi.com\/?page_id=669"},"modified":"2026-01-26T09:43:00","modified_gmt":"2026-01-26T06:43:00","slug":"otomasyon-sistemi","status":"publish","type":"page","link":"https:\/\/megsanayi.com\/index.php\/otomasyon-sistemi\/","title":{"rendered":"OTOMASYON S\u0130STEM\u0130"},"content":{"rendered":"<div class=\"wpb-content-wrapper\"><p>[vc_row wrap_container=&#8221;yes&#8221; conditional_render=&#8221;%5B%7B%22value_role%22%3A%22administrator%22%7D%5D&#8221;][vc_column][vc_column_text]I\u015f\u0131l \u0130\u015flem ve Kereste Kurutma F\u0131r\u0131nlar\u0131, Otomasyon Sistemlerinde;<br \/>\nEnd\u00fcstri alan\u0131nda kendini kan\u0131tlam\u0131\u015f <strong>Siemens marka PLC, RTD kart ve PT100<\/strong> s\u0131cakl\u0131k \u00f6l\u00e7er kullan\u0131yoruz. Bu sayede m\u00fc\u015fterilerimize; sonras\u0131nda ihtiya\u00e7 duyabilecek t\u00fcm revizyonlar i\u00e7in alt yap\u0131m\u0131z\u0131n en iyisini se\u00e7iyoruz. \u00d6m\u00fcr boyu malzeme tedari\u011fi yan\u0131nda, ya\u015fanabilecek donan\u0131msal ar\u0131zalar\u0131 minimalize ediyoruz.[\/vc_column_text][vc_gallery type=&#8221;image_grid&#8221; images=&#8221;673,674,685,676,677,697,812&#8243; img_size=&#8221;&#8221;][\/vc_column][\/vc_row][vc_row wrap_container=&#8221;yes&#8221; conditional_render=&#8221;%5B%7B%22value_role%22%3A%22administrator%22%7D%5D&#8221;][vc_column]<div class=\"porto-u-heading  wpb_custom_99cf795d41959a2978ec5af857bff6f9 porto-u-9269\"><div class=\"porto-u-main-heading\"><h2  >YAZILIM S\u0130STEM\u0130<\/h2><\/div><style>.porto-u-9269.porto-u-heading{text-align:left}<\/style><\/div>[vc_column_text]Kullan\u0131c\u0131 dostu basit bir aray\u00fcz tasarlad\u0131k.<br \/>\nHer i\u015fletmenin farkl\u0131 dinamikleri olabilece\u011finden aray\u00fcz\u00fcm\u00fcz\u00fc olu\u015ftururken, de\u011fi\u015fik parametreleri de sisteme adapte edebilecek \u015fekilde olu\u015fturduk. Proses otomatik bir \u015fekilde \u00e7al\u0131\u015ft\u0131r\u0131ld\u0131\u011f\u0131nda;<br \/>\nPersonele farkl\u0131 renklendirmeler ve sinyalizasyonlar ile bilgilendirme sa\u011fl\u0131yor, firman\u0131za \u00f6zg\u00fc alarm durumlar\u0131n\u0131 belirliyoruz. Bu sayede scada sisteminin ba\u015f\u0131nda s\u00fcrekli takip edilmesi gibi durumu ortadan kald\u0131rmay\u0131 hedefliyoruz.[\/vc_column_text][vc_gallery type=&#8221;image_grid&#8221; images=&#8221;612,714,712&#8243; img_size=&#8221;&#8221;][\/vc_column][\/vc_row]<\/p>\n<\/div>","protected":false},"excerpt":{"rendered":"<p>[vc_row wrap_container=&#8221;yes&#8221; conditional_render=&#8221;%5B%7B%22value_role%22%3A%22administrator%22%7D%5D&#8221;][vc_column][vc_column_text]I\u015f\u0131l \u0130\u015flem ve Kereste Kurutma F\u0131r\u0131nlar\u0131, Otomasyon Sistemlerinde; End\u00fcstri alan\u0131nda kendini kan\u0131tlam\u0131\u015f Siemens marka PLC, RTD kart ve PT100 s\u0131cakl\u0131k \u00f6l\u00e7er kullan\u0131yoruz. Bu sayede m\u00fc\u015fterilerimize; sonras\u0131nda ihtiya\u00e7 duyabilecek t\u00fcm revizyonlar i\u00e7in alt yap\u0131m\u0131z\u0131n en iyisini se\u00e7iyoruz. \u00d6m\u00fcr boyu malzeme tedari\u011fi yan\u0131nda, ya\u015fanabilecek donan\u0131msal ar\u0131zalar\u0131 minimalize ediyoruz.[\/vc_column_text][vc_gallery type=&#8221;image_grid&#8221; images=&#8221;673,674,685,676,677,697,812&#8243; img_size=&#8221;&#8221;][\/vc_column][\/vc_row][vc_row wrap_container=&#8221;yes&#8221; conditional_render=&#8221;%5B%7B%22value_role%22%3A%22administrator%22%7D%5D&#8221;][vc_column][vc_column_text]Kullan\u0131c\u0131 dostu basit [&hellip;]<\/p>\n","protected":false},"author":3,"featured_media":0,"parent":0,"menu_order":0,"comment_status":"closed","ping_status":"closed","template":"","meta":{"footnotes":""},"class_list":["post-669","page","type-page","status-publish","hentry"],"_links":{"self":[{"href":"https:\/\/megsanayi.com\/index.php\/wp-json\/wp\/v2\/pages\/669","targetHints":{"allow":["GET"]}}],"collection":[{"href":"https:\/\/megsanayi.com\/index.php\/wp-json\/wp\/v2\/pages"}],"about":[{"href":"https:\/\/megsanayi.com\/index.php\/wp-json\/wp\/v2\/types\/page"}],"author":[{"embeddable":true,"href":"https:\/\/megsanayi.com\/index.php\/wp-json\/wp\/v2\/users\/3"}],"replies":[{"embeddable":true,"href":"https:\/\/megsanayi.com\/index.php\/wp-json\/wp\/v2\/comments?post=669"}],"version-history":[{"count":37,"href":"https:\/\/megsanayi.com\/index.php\/wp-json\/wp\/v2\/pages\/669\/revisions"}],"predecessor-version":[{"id":1072,"href":"https:\/\/megsanayi.com\/index.php\/wp-json\/wp\/v2\/pages\/669\/revisions\/1072"}],"wp:attachment":[{"href":"https:\/\/megsanayi.com\/index.php\/wp-json\/wp\/v2\/media?parent=669"}],"curies":[{"name":"wp","href":"https:\/\/api.w.org\/{rel}","templated":true}]}}